{"id":329,"date":"2018-10-25T06:06:30","date_gmt":"2018-10-25T06:06:30","guid":{"rendered":"http:\/\/thpttanhiep.net\/?page_id=329"},"modified":"2018-10-25T12:06:52","modified_gmt":"2018-10-25T12:06:52","slug":"trang-vang","status":"publish","type":"page","link":"https:\/\/thpttanhiep.net\/site\/?page_id=329","title":{"rendered":"T\u1ea5m l\u00f2ng v\u00e0ng"},"content":{"rendered":"<p><span style=\"color: #ff0000;\"><strong>DANH S\u00c1CH T\u00c0I TR\u1ee2 V\u00c0 PH\u1ea6N TH\u01af\u1edeNG CHO H\u1eccC SINH NGH\u00c8O N\u0102M H\u1eccC 2018-2019<\/strong><\/span><\/p>\n<ul>\n<li><span style=\"color: #ff0000;\"><strong>KHAI GI\u1ea2NG 5\/09\/1018<\/strong><\/span><\/li>\n<\/ul>\n<ol>\n<li><span style=\"color: #000080;\"><strong>Ng\u00e2n h\u00e0ng Ki\u00ean Long t\u1eb7ng: 10 ph\u1ea7n qu\u00e0 tr\u1ecb gi\u00e1 15 000 000 \u0110<\/strong><\/span><\/li>\n<li><span style=\"color: #000080;\"><strong>\u00a0MTTQ T\u00e2n Hi\u1ec7p t\u1eb7ng:\u00a0 500 cu\u1ed1n t\u1eadp tr\u1ecb gi\u00e1\u00a0 \u00a05 000 000 \u0110<\/strong><\/span><\/li>\n<li><span style=\"color: #000080;\"><strong>\u00a0C\u00f4ng ty t\u01b0 v\u1ea5n XD Ph\u00fa C\u01b0\u1eddng t\u1eb7ng: 15 b\u1ed9 m\u00e1y t\u00ednh tr\u1ecb gi\u00e1 225 000 000 \u0110<\/strong><\/span><\/li>\n<li><span style=\"color: #000080;\"><strong>\u00a0C\u00f4ng ty Th\u01b0\u01a1ng M\u1ea1i Ki\u00ean Giang t\u1eb7ng: 15 b\u1ed9 m\u00e1y t\u00ednh tr\u1ecb gi\u00e1 225 000 000 \u0110<\/strong><\/span><\/li>\n<li><span style=\"color: #000080;\"><strong>\u00a0C\u00f4ng ty XSKT Ki\u00ean Giang t\u1eb7ng: 10 b\u1ed9 m\u00e1y t\u00ednh tr\u1ecb gi\u00e1 150 000 000 \u0110<\/strong><\/span><\/li>\n<li><span style=\"color: #000080;\"><strong>\u00a0C\u00f4ng ty XSKT Ki\u00ean Giang t\u1eb7ng: 500 cu\u1ed1n t\u1eadp tr\u1ecb gi\u00e1 5 000 000 \u0110<\/strong><\/span><\/li>\n<li><span style=\"color: #000080;\"><strong>\u00a0VNPT Ki\u00ean Giang t\u1eb7ng: 20 xu\u1ea5t h\u1ecdc b\u1ed5ng tr\u1ecb gi\u00e1 20 000 000 \u0110<\/strong><\/span><\/li>\n<li><span style=\"color: #000080;\"><strong>\u00a0C\u00f4 Ti\u1ebfp GV v\u1ec1 H\u01b0u t\u1eb7ng: 5 ph\u1ea7n qu\u00e0 tr\u1ecb gi\u00e1 750 000 \u0110<\/strong><\/span><\/li>\n<\/ol>\n<ul>\n<li><span style=\"color: #ff0000;\"><strong>Ng\u00e0y 25\/09\/1018<\/strong><\/span><\/li>\n<\/ul>\n<ol>\n<li><span style=\"color: #000080;\"><strong>\u00a0MobiPhone\u00a0 t\u1eb7ng: 3 000 000 \u0110<\/strong><\/span><\/li>\n<\/ol>\n<p>&nbsp;<\/p>\n<p>&nbsp;<\/p>\n<p>&nbsp;<\/p>\n","protected":false},"excerpt":{"rendered":"<p>DANH S\u00c1CH T\u00c0I TR\u1ee2 V\u00c0 PH\u1ea6N TH\u01af\u1edeNG CHO H\u1eccC SINH NGH\u00c8O N\u0102M H\u1eccC 2018-2019 KHAI GI\u1ea2NG 5\/09\/1018 Ng\u00e2n h\u00e0ng Ki\u00ean Long t\u1eb7ng: 10 ph\u1ea7n qu\u00e0 tr\u1ecb gi\u00e1 15 000 000 \u0110 \u00a0MTTQ T\u00e2n Hi\u1ec7p t\u1eb7ng:\u00a0 500 cu\u1ed1n t\u1eadp tr\u1ecb gi\u00e1\u00a0 \u00a05 000 000 \u0110 \u00a0C\u00f4ng ty t\u01b0 v\u1ea5n XD Ph\u00fa C\u01b0\u1eddng t\u1eb7ng: 15 b\u1ed9 m\u00e1y [&hellip;]<\/p>\n","protected":false},"author":1,"featured_media":0,"parent":0,"menu_order":0,"comment_status":"closed","ping_status":"closed","template":"","meta":{"footnotes":""},"class_list":["post-329","page","type-page","status-publish","hentry"],"_links":{"self":[{"href":"https:\/\/thpttanhiep.net\/site\/index.php?rest_route=\/wp\/v2\/pages\/329","targetHints":{"allow":["GET"]}}],"collection":[{"href":"https:\/\/thpttanhiep.net\/site\/index.php?rest_route=\/wp\/v2\/pages"}],"about":[{"href":"https:\/\/thpttanhiep.net\/site\/index.php?rest_route=\/wp\/v2\/types\/page"}],"author":[{"embeddable":true,"href":"https:\/\/thpttanhiep.net\/site\/index.php?rest_route=\/wp\/v2\/users\/1"}],"replies":[{"embeddable":true,"href":"https:\/\/thpttanhiep.net\/site\/index.php?rest_route=%2Fwp%2Fv2%2Fcomments&post=329"}],"version-history":[{"count":8,"href":"https:\/\/thpttanhiep.net\/site\/index.php?rest_route=\/wp\/v2\/pages\/329\/revisions"}],"predecessor-version":[{"id":338,"href":"https:\/\/thpttanhiep.net\/site\/index.php?rest_route=\/wp\/v2\/pages\/329\/revisions\/338"}],"wp:attachment":[{"href":"https:\/\/thpttanhiep.net\/site\/index.php?rest_route=%2Fwp%2Fv2%2Fmedia&parent=329"}],"curies":[{"name":"wp","href":"https:\/\/api.w.org\/{rel}","templated":true}]}}